{"id":101,"date":"2017-07-06T21:38:30","date_gmt":"2017-07-06T20:38:30","guid":{"rendered":"http:\/\/nexarthemes.com\/nexx\/new-corporate\/?page_id=101"},"modified":"2018-08-14T12:18:47","modified_gmt":"2018-08-14T11:18:47","slug":"servicios-dentales","status":"publish","type":"page","link":"https:\/\/dentalber.es\/?page_id=101","title":{"rendered":"Servicios dentales"},"content":{"rendered":"<p>[vc_section full_width=\u00bbstretch_row\u00bb full_height=\u00bbyes\u00bb content_placement=\u00bbmiddle\u00bb parallax=\u00bbcontent-moving\u00bb css=\u00bb.vc_custom_1534245524347{background-position: center !important;background-repeat: no-repeat !important;background-size: cover !important;}\u00bb][vc_row css=\u00bb.vc_custom_1499378522310{padding-top: 145px !important;}\u00bb][vc_column width=\u00bb1\/6&#8243;][\/vc_column][vc_column width=\u00bb2\/3&#8243;][vc_column_text css_animation=\u00bbfadeInUp\u00bb]<\/p>\n<h2 style=\"text-align: center;\"><span style=\"color: #000000;\">Nuestros servicios dentales<br \/>\n<\/span><\/h2>\n<p>[\/vc_column_text][vc_column_text css_animation=\u00bbfadeInUp\u00bb css=\u00bb.vc_custom_1527147249368{margin-top: -25px !important;}\u00bb][\/vc_column_text][\/vc_column][vc_column width=\u00bb1\/6&#8243;][\/vc_column][\/vc_row][vc_row css=\u00bb.vc_custom_1499379676989{padding-top: 80px !important;padding-bottom: 155px !important;}\u00bb][vc_column css_animation=\u00bbfadeInLeft\u00bb width=\u00bb1\/2&#8243; offset=\u00bbvc_hidden-sm vc_hidden-xs\u00bb][vc_row_inner][vc_column_inner width=\u00bb1\/6&#8243;][vc_single_image image=\u00bb462&#8243;][\/vc_column_inner][vc_column_inner width=\u00bb5\/6&#8243;][vc_column_text css=\u00bb.vc_custom_1528439210109{margin-left: -15px !important;padding-top: 18px !important;}\u00bb]<\/p>\n<h5><span style=\"color: #000000;\">Implantolog\u00eda<\/span><\/h5>\n<p>[\/vc_column_text][vc_column_text css=\u00bb.vc_custom_1528456345603{margin-top: -30px !important;margin-left: -15px !important;}\u00bb]<\/p>\n<h6 style=\"text-align: justify;\"><span style=\"color: #000000;\">Un implante dental es una peque\u00f1a pieza de\u00a0<strong>titanio<\/strong> que sirve para sustituir la ra\u00edz de un diente. Los implantes dentales se utilizan si se ha sufrido una p\u00e9rdida unitaria, parcial o la totalidad de los dientes.<\/span><\/h6>\n<p>[\/vc_column_text][vc_empty_space height=\u00bb10px\u00bb][\/vc_column_inner][\/vc_row_inner][vc_row_inner][vc_column_inner width=\u00bb1\/6&#8243;][vc_single_image image=\u00bb514&#8243;][\/vc_column_inner][vc_column_inner width=\u00bb5\/6&#8243;][vc_column_text css=\u00bb.vc_custom_1528441716777{margin-left: -15px !important;padding-top: 18px !important;}\u00bb]<\/p>\n<h5><span style=\"color: #000000;\">Cirug\u00eda oral<br \/>\n<\/span><\/h5>\n<p>[\/vc_column_text][vc_column_text css=\u00bb.vc_custom_1528456360645{margin-top: -30px !important;margin-left: -15px !important;}\u00bb]<\/p>\n<h6 style=\"text-align: justify;\"><span style=\"color: #000000;\">La <strong>cirug\u00eda oral y maxilofacial<\/strong> es una especialidad que se dedica al estudio, prevenci\u00f3n, diagn\u00f3stico, tratamiento y rehabilitaci\u00f3n de las enfermedades cong\u00e9nitas o adquiridas de toda la estructura facial.<\/span><\/h6>\n<p>[\/vc_column_text][vc_empty_space height=\u00bb10px\u00bb][\/vc_column_inner][\/vc_row_inner][vc_row_inner][vc_column_inner width=\u00bb1\/6&#8243;][vc_single_image image=\u00bb470&#8243;][\/vc_column_inner][vc_column_inner width=\u00bb5\/6&#8243;][vc_column_text css=\u00bb.vc_custom_1528439299306{margin-left: -15px !important;padding-top: 18px !important;}\u00bb]<\/p>\n<h5><span style=\"color: #000000;\">Higiene y est\u00e9tica dental<br \/>\n<\/span><\/h5>\n<p>[\/vc_column_text][vc_column_text css=\u00bb.vc_custom_1528456376464{margin-top: -30px !important;margin-left: -15px !important;}\u00bb]<\/p>\n<h6 style=\"text-align: justify;\"><span style=\"color: #000000;\">Es la especialidad dentro de la Odontolog\u00eda que tiene como objetivo <strong>mejorar los dientes<\/strong> de la persona y, con ello, su <strong>apariencia f\u00edsica<\/strong>. Cualquier persona puede someterse a estos tratamientos. Sin embargo, es importante que se cumpla una condici\u00f3n: que la <strong>boca goce de salud<\/strong>.<br \/>\n<\/span><\/h6>\n<p>[\/vc_column_text][vc_empty_space height=\u00bb10px\u00bb][\/vc_column_inner][\/vc_row_inner][vc_row_inner][vc_column_inner width=\u00bb1\/6&#8243;][vc_single_image image=\u00bb471&#8243;][\/vc_column_inner][vc_column_inner width=\u00bb5\/6&#8243;][vc_column_text css=\u00bb.vc_custom_1527175094069{margin-left: -15px !important;padding-top: 18px !important;}\u00bb]<\/p>\n<h5><span style=\"color: #000000;\">Endodoncia<\/span><\/h5>\n<p>[\/vc_column_text][vc_column_text css=\u00bb.vc_custom_1528456391331{margin-top: -30px !important;margin-left: -15px !important;}\u00bb]<\/p>\n<h6 style=\"text-align: justify;\"><span style=\"color: #000000;\">Es un procedimiento conservador que <strong>consiste en la extracci\u00f3n total o parcial de la pulpa lesionada de un diente <\/strong>y el sellado del conducto pulpar. Esta intervenci\u00f3n permite mantener la funcionalidad del diente, as\u00ed como su est\u00e9tica, y es el \u00faltimo recurso para salvar una <strong>pieza enferma sin necesidad de extraerla<\/strong>.<br \/>\n<\/span><\/h6>\n<p>[\/vc_column_text][vc_empty_space height=\u00bb10px\u00bb][\/vc_column_inner][\/vc_row_inner][vc_row_inner][vc_column_inner width=\u00bb1\/6&#8243;][vc_single_image image=\u00bb468&#8243;][\/vc_column_inner][vc_column_inner width=\u00bb5\/6&#8243;][vc_column_text css=\u00bb.vc_custom_1527175111619{margin-left: -15px !important;padding-top: 18px !important;}\u00bb]<\/p>\n<h5><span style=\"color: #000000;\">Odontopediatr\u00eda<\/span><\/h5>\n<p>[\/vc_column_text][vc_column_text css=\u00bb.vc_custom_1528456408080{margin-top: -30px !important;margin-left: -15px !important;}\u00bb]<\/p>\n<h6 style=\"text-align: justify;\"><span style=\"color: #000000;\">La <b>odontopediatr\u00eda<\/b> es la rama de la odontolog\u00eda encargada de tratar a los ni\u00f1os. El <b>odontopediatra<\/b> ser\u00e1, por tanto, el encargado de explorar y tratar a ni\u00f1os y reci\u00e9n nacidos. Tambi\u00e9n se encarga de detectar posibles anomal\u00edas en la posici\u00f3n de los maxilares o dientes para remitir al <i>ortodoncista<\/i>, especialista en ortodoncia, y de hacer un tratamiento restaurador en caso de necesitarlo.<\/span><\/h6>\n<p>[\/vc_column_text][vc_empty_space height=\u00bb10px\u00bb][\/vc_column_inner][\/vc_row_inner][\/vc_column][vc_column css_animation=\u00bbfadeInRight\u00bb width=\u00bb1\/2&#8243; offset=\u00bbvc_hidden-sm vc_hidden-xs\u00bb][vc_row_inner][vc_column_inner width=\u00bb1\/6&#8243;][vc_single_image image=\u00bb465&#8243;][\/vc_column_inner][vc_column_inner width=\u00bb5\/6&#8243;][vc_column_text css=\u00bb.vc_custom_1527173685015{margin-left: -15px !important;padding-top: 18px !important;}\u00bb]<\/p>\n<h5><span style=\"color: #000000;\">Pr\u00f3tesis dentales<\/span><\/h5>\n<p>[\/vc_column_text][vc_column_text css=\u00bb.vc_custom_1528456353135{margin-top: -30px !important;margin-left: -15px !important;}\u00bb]<\/p>\n<h6 style=\"text-align: justify;\"><span style=\"color: #000000;\">Son reproducciones fieles de <strong>tus dientes naturales<\/strong> y te devolver\u00e1n est\u00e9tica y funcionalidad. Las pr\u00f3tesis dentales est\u00e1n dise\u00f1adas para cumplir con la funci\u00f3n masticatoria de las piezas naturales.<\/span><\/h6>\n<p>[\/vc_column_text][vc_empty_space height=\u00bb10px\u00bb][\/vc_column_inner][\/vc_row_inner][vc_row_inner][vc_column_inner width=\u00bb1\/6&#8243;][vc_single_image image=\u00bb464&#8243;][\/vc_column_inner][vc_column_inner width=\u00bb5\/6&#8243;][vc_column_text css=\u00bb.vc_custom_1528441784352{margin-left: -15px !important;padding-top: 18px !important;}\u00bb]<\/p>\n<h5><span style=\"color: #000000;\">Odontolog\u00eda conservadora<br \/>\n<\/span><\/h5>\n<p>[\/vc_column_text][vc_column_text css=\u00bb.vc_custom_1528456368118{margin-top: -30px !important;margin-left: -15px !important;}\u00bb]<\/p>\n<h6 style=\"text-align: justify;\"><span style=\"color: #000000;\">La odontolog\u00eda conservadora es la t\u00e9cnica por la que se trata la boca evitando la extracci\u00f3n del diente da\u00f1ado. Se utiliza para <strong>restaurar<\/strong> las zonas da\u00f1adas por caries y otras afecciones, limpiando y tratando el tejido da\u00f1ado <strong>sin afectar al resto del diente<\/strong>.<\/span><\/h6>\n<p>[\/vc_column_text][vc_empty_space height=\u00bb10px\u00bb][\/vc_column_inner][\/vc_row_inner][vc_row_inner][vc_column_inner width=\u00bb1\/6&#8243;][vc_single_image image=\u00bb463&#8243;][\/vc_column_inner][vc_column_inner width=\u00bb5\/6&#8243;][vc_column_text css=\u00bb.vc_custom_1527175058475{margin-left: -15px !important;padding-top: 18px !important;}\u00bb]<\/p>\n<h5><span style=\"color: #000000;\">Ortodoncia<\/span><\/h5>\n<p>[\/vc_column_text][vc_column_text css=\u00bb.vc_custom_1528456384093{margin-top: -30px !important;margin-left: -15px !important;}\u00bb]<\/p>\n<h6 style=\"text-align: justify;\"><span style=\"color: #000000;\">La ortodoncia es la rama de la odontolog\u00eda que se encarga de solucionar problemas orales relacionados con la <strong>malposici\u00f3n de los dientes<\/strong>. El tratamiento con ortodoncia es el indicado si el paciente padece diastemas (dientes separados), api\u00f1amiento dental o problemas de mordida.<br \/>\n<\/span><\/h6>\n<p>[\/vc_column_text][vc_empty_space height=\u00bb10px\u00bb][\/vc_column_inner][\/vc_row_inner][vc_row_inner][vc_column_inner width=\u00bb1\/6&#8243;][vc_single_image image=\u00bb466&#8243;][\/vc_column_inner][vc_column_inner width=\u00bb5\/6&#8243;][vc_column_text css=\u00bb.vc_custom_1527175075169{margin-left: -15px !important;padding-top: 18px !important;}\u00bb]<\/p>\n<h5><span style=\"color: #000000;\">Periodoncia<\/span><\/h5>\n<p>[\/vc_column_text][vc_column_text css=\u00bb.vc_custom_1528456399832{margin-top: -30px !important;margin-left: -15px !important;}\u00bb]<\/p>\n<h6 style=\"text-align: justify;\"><span style=\"color: #000000;\">La periodoncia es una rama de la <strong>odontolog\u00eda<\/strong> que trata las enfermedades de las enc\u00edas y del hueso que sostiene los dientes. <\/span><\/h6>\n<h6 style=\"text-align: justify;\"><span style=\"color: #000000;\">Las principales enfermedades periodontales que afectan a una dentici\u00f3n son la <strong>periodontitis<\/strong> y <strong>gingivitis<\/strong>.<\/span><\/h6>\n<p>[\/vc_column_text][vc_empty_space height=\u00bb10px\u00bb][\/vc_column_inner][\/vc_row_inner][vc_row_inner][vc_column_inner width=\u00bb1\/6&#8243;][vc_single_image image=\u00bb469&#8243;][\/vc_column_inner][vc_column_inner width=\u00bb5\/6&#8243;][vc_column_text css=\u00bb.vc_custom_1527175127817{margin-left: -15px !important;padding-top: 18px !important;}\u00bb]<\/p>\n<h5><span style=\"color: #000000;\">Radiograf\u00eda dental<\/span><\/h5>\n<p>[\/vc_column_text][vc_column_text css=\u00bb.vc_custom_1528456415004{margin-top: -30px !important;margin-left: -15px !important;}\u00bb]<\/p>\n<h6 style=\"text-align: justify;\"><span style=\"color: #000000;\">Se trata de imagenes de toda la boca o s\u00f3lo de una parte. Se consigue exponiendo a <strong>rayos X<\/strong> la zona del cuerpo que queremos ver. Esta radiaci\u00f3n act\u00faa sobre los tejidos corporales y forma una imagen en una pantalla o en una pel\u00edcula. Con esta t\u00e9cnica se puede observar el <strong>interior de los dientes<\/strong> y de la boca.<\/span><\/h6>\n<p>[\/vc_column_text][vc_empty_space height=\u00bb10px\u00bb][\/vc_column_inner][\/vc_row_inner][\/vc_column][\/vc_row][vc_row el_id=\u00bbmobile-version\u00bb][vc_column css_animation=\u00bbfadeInLeft\u00bb width=\u00bb1\/2&#8243; offset=\u00bbvc_hidden-lg vc_hidden-md\u00bb][vc_row_inner][vc_column_inner width=\u00bb1\/6&#8243;][vc_single_image image=\u00bb462&#8243;][\/vc_column_inner][vc_column_inner width=\u00bb5\/6&#8243;][vc_column_text css=\u00bb.vc_custom_1528439210109{margin-left: -15px !important;padding-top: 18px !important;}\u00bb]<\/p>\n<h5><span style=\"color: #000000;\">Implantolog\u00eda<\/span><\/h5>\n<p>[\/vc_column_text][vc_column_text css=\u00bb.vc_custom_1528795609157{margin-top: -30px !important;margin-left: -15px !important;}\u00bb]<\/p>\n<h6 style=\"text-align: justify;\"><span style=\"color: #000000;\">Un implante dental es una peque\u00f1a pieza de\u00a0<strong>titanio<\/strong> que sirve para sustituir la ra\u00edz de un diente. Los implantes dentales se utilizan si se ha sufrido una p\u00e9rdida unitaria, parcial o la totalidad de los dientes.<\/span><\/h6>\n<p>[\/vc_column_text][vc_empty_space height=\u00bb10px\u00bb][\/vc_column_inner][\/vc_row_inner][vc_row_inner][vc_column_inner width=\u00bb1\/6&#8243;][vc_single_image image=\u00bb514&#8243;][\/vc_column_inner][vc_column_inner width=\u00bb5\/6&#8243;][vc_column_text css=\u00bb.vc_custom_1528441716777{margin-left: -15px !important;padding-top: 18px !important;}\u00bb]<\/p>\n<h5><span style=\"color: #000000;\">Cirug\u00eda oral<br \/>\n<\/span><\/h5>\n<p>[\/vc_column_text][vc_column_text css=\u00bb.vc_custom_1528456360645{margin-top: -30px !important;margin-left: -15px !important;}\u00bb]<\/p>\n<h6 style=\"text-align: justify;\"><span style=\"color: #000000;\">La <strong>cirug\u00eda oral y maxilofacial<\/strong> es una especialidad que se dedica al estudio, prevenci\u00f3n, diagn\u00f3stico, tratamiento y rehabilitaci\u00f3n de las enfermedades cong\u00e9nitas o adquiridas de toda la estructura facial.<\/span><\/h6>\n<p>[\/vc_column_text][vc_empty_space height=\u00bb10px\u00bb][\/vc_column_inner][\/vc_row_inner][vc_row_inner][vc_column_inner width=\u00bb1\/6&#8243;][vc_single_image image=\u00bb470&#8243;][\/vc_column_inner][vc_column_inner width=\u00bb5\/6&#8243;][vc_column_text css=\u00bb.vc_custom_1528439299306{margin-left: -15px !important;padding-top: 18px !important;}\u00bb]<\/p>\n<h5><span style=\"color: #000000;\">Higiene y est\u00e9tica dental<br \/>\n<\/span><\/h5>\n<p>[\/vc_column_text][vc_column_text css=\u00bb.vc_custom_1528795625613{margin-top: -30px !important;margin-left: -15px !important;}\u00bb]<\/p>\n<h6 style=\"text-align: justify;\"><span style=\"color: #000000;\">Es la especialidad dentro de la Odontolog\u00eda que tiene como objetivo <strong>mejorar los dientes<\/strong> de la persona y, con ello, su <strong>apariencia f\u00edsica<\/strong>. Cualquier persona puede someterse a estos tratamientos. Sin embargo, es importante que se cumpla una condici\u00f3n: que la <strong>boca goce de salud<\/strong>.<br \/>\n<\/span><\/h6>\n<p>[\/vc_column_text][vc_empty_space height=\u00bb10px\u00bb][\/vc_column_inner][\/vc_row_inner][vc_row_inner][vc_column_inner width=\u00bb1\/6&#8243;][vc_single_image image=\u00bb471&#8243;][\/vc_column_inner][vc_column_inner width=\u00bb5\/6&#8243;][vc_column_text css=\u00bb.vc_custom_1527175094069{margin-left: -15px !important;padding-top: 18px !important;}\u00bb]<\/p>\n<h5><span style=\"color: #000000;\">Endodoncia<\/span><\/h5>\n<p>[\/vc_column_text][vc_column_text css=\u00bb.vc_custom_1528795663250{margin-top: -30px !important;margin-left: -15px !important;}\u00bb]<\/p>\n<h6 style=\"text-align: justify;\"><span style=\"color: #000000;\">Es un procedimiento conservador que <strong>consiste en la extracci\u00f3n total o parcial de la pulpa lesionada de un diente <\/strong>y el sellado del conducto pulpar. Esta intervenci\u00f3n permite mantener la funcionalidad del diente, as\u00ed como su est\u00e9tica, y es el \u00faltimo recurso para salvar una <strong>pieza enferma sin necesidad de extraerla<\/strong>.<br \/>\n<\/span><\/h6>\n<p>[\/vc_column_text][vc_empty_space height=\u00bb10px\u00bb][\/vc_column_inner][\/vc_row_inner][vc_row_inner][vc_column_inner width=\u00bb1\/6&#8243;][vc_single_image image=\u00bb468&#8243;][\/vc_column_inner][vc_column_inner width=\u00bb5\/6&#8243;][vc_column_text css=\u00bb.vc_custom_1527175111619{margin-left: -15px !important;padding-top: 18px !important;}\u00bb]<\/p>\n<h5><span style=\"color: #000000;\">Odontopediatr\u00eda<\/span><\/h5>\n<p>[\/vc_column_text][vc_column_text css=\u00bb.vc_custom_1528456408080{margin-top: -30px !important;margin-left: -15px !important;}\u00bb]<\/p>\n<h6 style=\"text-align: justify;\"><span style=\"color: #000000;\">La <b>odontopediatr\u00eda<\/b> es la rama de la odontolog\u00eda encargada de tratar a los ni\u00f1os. El <b>odontopediatra<\/b> ser\u00e1, por tanto, el encargado de explorar y tratar a ni\u00f1os y reci\u00e9n nacidos. Tambi\u00e9n se encarga de detectar posibles anomal\u00edas en la posici\u00f3n de los maxilares o dientes para remitir al <i>ortodoncista<\/i>, especialista en ortodoncia, y de hacer un tratamiento restaurador en caso de necesitarlo.<\/span><\/h6>\n<p>[\/vc_column_text][vc_empty_space height=\u00bb10px\u00bb][\/vc_column_inner][\/vc_row_inner][\/vc_column][vc_column css_animation=\u00bbfadeInRight\u00bb width=\u00bb1\/2&#8243; offset=\u00bbvc_hidden-lg vc_hidden-md\u00bb][vc_row_inner][vc_column_inner width=\u00bb1\/6&#8243;][vc_single_image image=\u00bb465&#8243;][\/vc_column_inner][vc_column_inner width=\u00bb5\/6&#8243;][vc_column_text css=\u00bb.vc_custom_1527173685015{margin-left: -15px !important;padding-top: 18px !important;}\u00bb]<\/p>\n<h5><span style=\"color: #000000;\">Pr\u00f3tesis dentales<\/span><\/h5>\n<p>[\/vc_column_text][vc_column_text css=\u00bb.vc_custom_1528795617520{margin-top: -30px !important;margin-left: -15px !important;}\u00bb]<\/p>\n<h6 style=\"text-align: justify;\"><span style=\"color: #000000;\">Son reproducciones fieles de <strong>tus dientes naturales<\/strong> y te devolver\u00e1n est\u00e9tica y funcionalidad. Las pr\u00f3tesis dentales est\u00e1n dise\u00f1adas para cumplir con la funci\u00f3n masticatoria de las piezas naturales.<\/span><\/h6>\n<p>[\/vc_column_text][vc_empty_space height=\u00bb10px\u00bb][\/vc_column_inner][\/vc_row_inner][vc_row_inner][vc_column_inner width=\u00bb1\/6&#8243;][vc_single_image image=\u00bb464&#8243;][\/vc_column_inner][vc_column_inner width=\u00bb5\/6&#8243;][vc_column_text css=\u00bb.vc_custom_1528441784352{margin-left: -15px !important;padding-top: 18px !important;}\u00bb]<\/p>\n<h5><span style=\"color: #000000;\">Odontolog\u00eda conservadora<br \/>\n<\/span><\/h5>\n<p>[\/vc_column_text][vc_column_text css=\u00bb.vc_custom_1528456368118{margin-top: -30px !important;margin-left: -15px !important;}\u00bb]<\/p>\n<h6 style=\"text-align: justify;\"><span style=\"color: #000000;\">La odontolog\u00eda conservadora es la t\u00e9cnica por la que se trata la boca evitando la extracci\u00f3n del diente da\u00f1ado. Se utiliza para <strong>restaurar<\/strong> las zonas da\u00f1adas por caries y otras afecciones, limpiando y tratando el tejido da\u00f1ado <strong>sin afectar al resto del diente<\/strong>.<\/span><\/h6>\n<p>[\/vc_column_text][vc_empty_space height=\u00bb10px\u00bb][\/vc_column_inner][\/vc_row_inner][vc_row_inner][vc_column_inner width=\u00bb1\/6&#8243;][vc_single_image image=\u00bb463&#8243;][\/vc_column_inner][vc_column_inner width=\u00bb5\/6&#8243;][vc_column_text css=\u00bb.vc_custom_1527175058475{margin-left: -15px !important;padding-top: 18px !important;}\u00bb]<\/p>\n<h5><span style=\"color: #000000;\">Ortodoncia<\/span><\/h5>\n<p>[\/vc_column_text][vc_column_text css=\u00bb.vc_custom_1528795633601{margin-top: -30px !important;margin-left: -15px !important;}\u00bb]<\/p>\n<h6 style=\"text-align: justify;\"><span style=\"color: #000000;\">La ortodoncia es la rama de la odontolog\u00eda que se encarga de solucionar problemas orales relacionados con la <strong>malposici\u00f3n de los dientes<\/strong>. El tratamiento con ortodoncia es el indicado si el paciente padece diastemas (dientes separados), api\u00f1amiento dental o problemas de mordida.<br \/>\n<\/span><\/h6>\n<p>[\/vc_column_text][vc_empty_space height=\u00bb10px\u00bb][\/vc_column_inner][\/vc_row_inner][vc_row_inner][vc_column_inner width=\u00bb1\/6&#8243;][vc_single_image image=\u00bb466&#8243;][\/vc_column_inner][vc_column_inner width=\u00bb5\/6&#8243;][vc_column_text css=\u00bb.vc_custom_1527175075169{margin-left: -15px !important;padding-top: 18px !important;}\u00bb]<\/p>\n<h5><span style=\"color: #000000;\">Periodoncia<\/span><\/h5>\n<p>[\/vc_column_text][vc_column_text css=\u00bb.vc_custom_1528795652946{margin-top: -30px !important;margin-left: -15px !important;}\u00bb]<\/p>\n<h6 style=\"text-align: justify;\"><span style=\"color: #000000;\">La periodoncia es una rama de la <strong>odontolog\u00eda<\/strong> que trata las enfermedades de las enc\u00edas y del hueso que sostiene los dientes. <\/span><\/h6>\n<h6 style=\"text-align: justify;\"><span style=\"color: #000000;\">Las principales enfermedades periodontales que afectan a una dentici\u00f3n son la <strong>periodontitis<\/strong> y <strong>gingivitis<\/strong>.<\/span><\/h6>\n<p>[\/vc_column_text][vc_empty_space height=\u00bb10px\u00bb][\/vc_column_inner][\/vc_row_inner][vc_row_inner][vc_column_inner width=\u00bb1\/6&#8243;][vc_single_image image=\u00bb469&#8243;][\/vc_column_inner][vc_column_inner width=\u00bb5\/6&#8243;][vc_column_text css=\u00bb.vc_custom_1527175127817{margin-left: -15px !important;padding-top: 18px !important;}\u00bb]<\/p>\n<h5><span style=\"color: #000000;\">Radiograf\u00eda dental<\/span><\/h5>\n<p>[\/vc_column_text][vc_column_text css=\u00bb.vc_custom_1528456415004{margin-top: -30px !important;margin-left: -15px !important;}\u00bb]<\/p>\n<h6 style=\"text-align: justify;\"><span style=\"color: #000000;\">Se trata de imagenes de toda la boca o s\u00f3lo de una parte. Se consigue exponiendo a <strong>rayos X<\/strong> la zona del cuerpo que queremos ver. Esta radiaci\u00f3n act\u00faa sobre los tejidos corporales y forma una imagen en una pantalla o en una pel\u00edcula. Con esta t\u00e9cnica se puede observar el <strong>interior de los dientes<\/strong> y de la boca.<\/span><\/h6>\n<p>[\/vc_column_text][vc_empty_space height=\u00bb10px\u00bb][\/vc_column_inner][\/vc_row_inner][\/vc_column][\/vc_row][\/vc_section]<\/p>\n","protected":false},"excerpt":{"rendered":"<p>[vc_section full_width=\u00bbstretch_row\u00bb full_height=\u00bbyes\u00bb content_placement=\u00bbmiddle\u00bb parallax=\u00bbcontent-moving\u00bb css=\u00bb.vc_custom_1534245524347{background-position: center !important;background-repeat: no-repeat !important;background-size: cover !important;}\u00bb][vc_row css=\u00bb.vc_custom_1499378522310{padding-top: 145px !important;}\u00bb][vc_column width=\u00bb1\/6&#8243;][\/vc_column][vc_column width=\u00bb2\/3&#8243;][vc_column_text css_animation=\u00bbfadeInUp\u00bb] Nuestros servicios dentales [\/vc_column_text][vc_column_text css_animation=\u00bbfadeInUp\u00bb css=\u00bb.vc_custom_1527147249368{margin-top: -25px !important;}\u00bb][\/vc_column_text][\/vc_column][vc_column width=\u00bb1\/6&#8243;][\/vc_column][\/vc_row][vc_row css=\u00bb.vc_custom_1499379676989{padding-top: 80px !important;padding-bottom: 155px !important;}\u00bb][vc_column css_animation=\u00bbfadeInLeft\u00bb width=\u00bb1\/2&#8243; offset=\u00bbvc_hidden-sm vc_hidden-xs\u00bb][vc_row_inner][vc_column_inner width=\u00bb1\/6&#8243;][vc_single_image image=\u00bb462&#8243;][\/vc_column_inner][vc_column_inner width=\u00bb5\/6&#8243;][vc_column_text css=\u00bb.vc_custom_1528439210109{margin-left: -15px !important;padding-top: 18px !important;}\u00bb] Implantolog\u00eda [\/vc_column_text][vc_column_text css=\u00bb.vc_custom_1528456345603{margin-top: -30px !important;margin-left: -15px !important;}\u00bb] Un implante dental es [&hellip;]<\/p>\n","protected":false},"author":1,"featured_media":598,"parent":541,"menu_order":0,"comment_status":"closed","ping_status":"closed","template":"","meta":{"footnotes":""},"class_list":["post-101","page","type-page","status-publish","has-post-thumbnail","hentry"],"_links":{"self":[{"href":"https:\/\/dentalber.es\/index.php?rest_route=\/wp\/v2\/pages\/101","targetHints":{"allow":["GET"]}}],"collection":[{"href":"https:\/\/dentalber.es\/index.php?rest_route=\/wp\/v2\/pages"}],"about":[{"href":"https:\/\/dentalber.es\/index.php?rest_route=\/wp\/v2\/types\/page"}],"author":[{"embeddable":true,"href":"https:\/\/dentalber.es\/index.php?rest_route=\/wp\/v2\/users\/1"}],"replies":[{"embeddable":true,"href":"https:\/\/dentalber.es\/index.php?rest_route=%2Fwp%2Fv2%2Fcomments&post=101"}],"version-history":[{"count":53,"href":"https:\/\/dentalber.es\/index.php?rest_route=\/wp\/v2\/pages\/101\/revisions"}],"predecessor-version":[{"id":799,"href":"https:\/\/dentalber.es\/index.php?rest_route=\/wp\/v2\/pages\/101\/revisions\/799"}],"up":[{"embeddable":true,"href":"https:\/\/dentalber.es\/index.php?rest_route=\/wp\/v2\/pages\/541"}],"wp:featuredmedia":[{"embeddable":true,"href":"https:\/\/dentalber.es\/index.php?rest_route=\/wp\/v2\/media\/598"}],"wp:attachment":[{"href":"https:\/\/dentalber.es\/index.php?rest_route=%2Fwp%2Fv2%2Fmedia&parent=101"}],"curies":[{"name":"wp","href":"https:\/\/api.w.org\/{rel}","templated":true}]}}