{"id":398,"date":"2018-04-10T09:46:46","date_gmt":"2018-04-10T08:46:46","guid":{"rendered":"https:\/\/dentalber.anteva.info\/?page_id=398"},"modified":"2023-03-02T12:04:21","modified_gmt":"2023-03-02T10:04:21","slug":"contacto","status":"publish","type":"page","link":"https:\/\/dentalber.es\/?page_id=398","title":{"rendered":""},"content":{"rendered":"<p>[vc_row][vc_column][vc_column_text]Nuestra cl\u00ednica est\u00e1 en:<\/p>\n<p>C\/Vila de Negreira 48<\/p>\n<p>15100 Carballo &#8211; A Coru\u00f1a[\/vc_column_text][\/vc_column][\/vc_row][vc_row][vc_column][vc_column_text]Tlfno\u00a0 WhatsApp-m\u00f3vil: \u00a0 650 81 52 62<\/p>\n<p>Tlfno fijo:\u00a0\u00a0\u00a0\u00a0\u00a0 \u00a0 981 70 34 43<\/p>\n<p><img loading=\"lazy\" decoding=\"async\" class=\"alignnone wp-image-814 \" src=\"https:\/\/dentalber.es\/wp-content\/uploads\/2018\/08\/facebook-1.png\" alt=\"\" width=\"42\" height=\"42\" \/><\/p>\n<p>[\/vc_column_text][vc_separator style=\u00bbshadow\u00bb el_width=\u00bb20&#8243;][vc_gmaps link=\u00bb#E-8_JTNDaWZyYW1lJTIwc3JjJTNEJTIyaHR0cHMlM0ElMkYlMkZ3d3cuZ29vZ2xlLmNvbSUyRm1hcHMlMkZlbWJlZCUzRnBiJTNEJTIxMW0xOCUyMTFtMTIlMjExbTMlMjExZDI5MDcuOTAyMjA0ODg3ODYyJTIxMmQtOC42ODg3NTA0ODQyNzY4NjYlMjEzZDQzLjIxMTU0MDQ4ODg5NDY5JTIxMm0zJTIxMWYwJTIxMmYwJTIxM2YwJTIxM20yJTIxMWkxMDI0JTIxMmk3NjglMjE0ZjEzLjElMjEzbTMlMjExbTIlMjExczB4ZDJlOTIzZjU4YjEwNTlmJTI1M0EweDFiOTAzYzRiYzViOTI1MSUyMTJzUiUyNUMzJTI1QkFhJTJCVmlsYSUyQmRlJTJCTmVncmVpcmElMjUyQyUyQjQ4JTI1MkMlMkIxNTEwMiUyQkNhcmJhbGxvJTI1MkMlMkJBJTJCQ29ydSUyNUMzJTI1QjFhJTIxNWUwJTIxM20yJTIxMXNlcyUyMTJzZXMlMjE0djE1MzU0NjQ3MzkzNTYlMjIlMjB3aWR0aCUzRCUyMjQwMCUyMiUyMGhlaWdodCUzRCUyMjMwMCUyMiUyMGZyYW1lYm9yZGVyJTNEJTIyMCUyMiUyMHN0eWxlJTNEJTIyYm9yZGVyJTNBMCUyMiUyMGFsbG93ZnVsbHNjcmVlbiUzRSUzQyUyRmlmcmFtZSUzRQ==\u00bb size=\u00bbmedium\u00bb css_animation=\u00bbfadeInLeft\u00bb][\/vc_column][\/vc_row][vc_row][vc_column][vc_column_text css_animation=\u00bbfadeIn\u00bb]<\/p>\n<p style=\"text-align: justify;\">Para cualquier otra pregunta, duda o m\u00e1s informaci\u00f3n, por favor, cont\u00e1ctenos a trav\u00e9s del siguiente formulario de contacto. Le responderemos con la mayor brevedad posible.<\/p>\n<p>[\/vc_column_text][\/vc_column][\/vc_row][vc_row][vc_column]<div class=\"wpforms-container wpforms-container-full\" id=\"wpforms-1237\"><form id=\"wpforms-form-1237\" class=\"wpforms-validate wpforms-form\" data-formid=\"1237\" method=\"post\" enctype=\"multipart\/form-data\" action=\"\/index.php?rest_route=%2Fwp%2Fv2%2Fpages%2F398\" data-token=\"cbcd8eea04a4d277a48ff2c8d914346e\" data-token-time=\"1778506148\"><noscript class=\"wpforms-error-noscript\">Por favor, activa JavaScript en tu navegador para completar este formulario.<\/noscript><div class=\"wpforms-field-container\"><div id=\"wpforms-1237-field_0-container\" class=\"wpforms-field wpforms-field-name\" data-field-id=\"0\"><label class=\"wpforms-field-label\">Nombre <span class=\"wpforms-required-label\">*<\/span><\/label><div class=\"wpforms-field-row wpforms-field-medium\"><div class=\"wpforms-field-row-block wpforms-first wpforms-one-half\"><input type=\"text\" id=\"wpforms-1237-field_0\" class=\"wpforms-field-name-first wpforms-field-required\" name=\"wpforms[fields][0][first]\" required><label for=\"wpforms-1237-field_0\" class=\"wpforms-field-sublabel after\">Nombre<\/label><\/div><div class=\"wpforms-field-row-block wpforms-one-half\"><input type=\"text\" id=\"wpforms-1237-field_0-last\" class=\"wpforms-field-name-last wpforms-field-required\" name=\"wpforms[fields][0][last]\" required><label for=\"wpforms-1237-field_0-last\" class=\"wpforms-field-sublabel after\">Apellidos<\/label><\/div><\/div><\/div><div id=\"wpforms-1237-field_3-container\" class=\"wpforms-field wpforms-field-number\" data-field-id=\"3\"><label class=\"wpforms-field-label\" for=\"wpforms-1237-field_3\">Tel\u00e9fono <span class=\"wpforms-required-label\">*<\/span><\/label><input type=\"number\" id=\"wpforms-1237-field_3\" class=\"wpforms-field-medium wpforms-field-required\" name=\"wpforms[fields][3]\" step=\"any\" required><\/div><div id=\"wpforms-1237-field_1-container\" class=\"wpforms-field wpforms-field-email\" data-field-id=\"1\"><label class=\"wpforms-field-label\" for=\"wpforms-1237-field_1\">Correo electr\u00f3nico <span class=\"wpforms-required-label\">*<\/span><\/label><input type=\"email\" id=\"wpforms-1237-field_1\" class=\"wpforms-field-medium wpforms-field-required\" name=\"wpforms[fields][1]\" spellcheck=\"false\" required><\/div><div id=\"wpforms-1237-field_4-container\" class=\"wpforms-field wpforms-field-text\" data-field-id=\"4\"><label class=\"wpforms-field-label\" for=\"wpforms-1237-field_4\">Asunto <span class=\"wpforms-required-label\">*<\/span><\/label><input type=\"text\" id=\"wpforms-1237-field_4\" class=\"wpforms-field-medium wpforms-field-required\" name=\"wpforms[fields][4]\" required><\/div><div id=\"wpforms-1237-field_2-container\" class=\"wpforms-field wpforms-field-textarea\" data-field-id=\"2\"><label class=\"wpforms-field-label\" for=\"wpforms-1237-field_2\">Comentario o mensaje <span class=\"wpforms-required-label\">*<\/span><\/label><textarea id=\"wpforms-1237-field_2\" class=\"wpforms-field-medium wpforms-field-required\" name=\"wpforms[fields][2]\" required><\/textarea><\/div><\/div><!-- .wpforms-field-container --><div class=\"wpforms-recaptcha-container wpforms-is-recaptcha wpforms-is-recaptcha-type-v2\" ><div class=\"g-recaptcha\" data-sitekey=\"6LfmorEaAAAAALUi-6yQIOykiRigouxtVatubZc5\"><\/div><input type=\"text\" name=\"g-recaptcha-hidden\" class=\"wpforms-recaptcha-hidden\" style=\"position:absolute!important;clip:rect(0,0,0,0)!important;height:1px!important;width:1px!important;border:0!important;overflow:hidden!important;padding:0!important;margin:0!important;\" data-rule-recaptcha=\"1\"><\/div><div class=\"wpforms-submit-container\" ><input type=\"hidden\" name=\"wpforms[id]\" value=\"1237\"><input type=\"hidden\" name=\"page_title\" value=\"\"><input type=\"hidden\" name=\"page_url\" value=\"https:\/\/dentalber.es\/index.php?rest_route=\/wp\/v2\/pages\/398\"><input type=\"hidden\" name=\"url_referer\" value=\"\"><button type=\"submit\" name=\"wpforms[submit]\" id=\"wpforms-submit-1237\" class=\"wpforms-submit\" data-alt-text=\"Enviando...\" data-submit-text=\"Enviar\" aria-live=\"assertive\" value=\"wpforms-submit\">Enviar<\/button><\/div><\/form><\/div>  <!-- .wpforms-container -->[vc_separator color=\u00bbwhite\u00bb][\/vc_column][\/vc_row]<\/p>\n","protected":false},"excerpt":{"rendered":"<p>[vc_row][vc_column][vc_column_text]Nuestra cl\u00ednica est\u00e1 en: C\/Vila de Negreira 48 15100 Carballo &#8211; A Coru\u00f1a[\/vc_column_text][\/vc_column][\/vc_row][vc_row][vc_column][vc_column_text]Tlfno\u00a0 WhatsApp-m\u00f3vil: \u00a0 650 81 52 62 Tlfno fijo:\u00a0\u00a0\u00a0\u00a0\u00a0 \u00a0 981 70 34 43 [\/vc_column_text][vc_separator style=\u00bbshadow\u00bb el_width=\u00bb20&#8243;][vc_gmaps link=\u00bb#E-8_JTNDaWZyYW1lJTIwc3JjJTNEJTIyaHR0cHMlM0ElMkYlMkZ3d3cuZ29vZ2xlLmNvbSUyRm1hcHMlMkZlbWJlZCUzRnBiJTNEJTIxMW0xOCUyMTFtMTIlMjExbTMlMjExZDI5MDcuOTAyMjA0ODg3ODYyJTIxMmQtOC42ODg3NTA0ODQyNzY4NjYlMjEzZDQzLjIxMTU0MDQ4ODg5NDY5JTIxMm0zJTIxMWYwJTIxMmYwJTIxM2YwJTIxM20yJTIxMWkxMDI0JTIxMmk3NjglMjE0ZjEzLjElMjEzbTMlMjExbTIlMjExczB4ZDJlOTIzZjU4YjEwNTlmJTI1M0EweDFiOTAzYzRiYzViOTI1MSUyMTJzUiUyNUMzJTI1QkFhJTJCVmlsYSUyQmRlJTJCTmVncmVpcmElMjUyQyUyQjQ4JTI1MkMlMkIxNTEwMiUyQkNhcmJhbGxvJTI1MkMlMkJBJTJCQ29ydSUyNUMzJTI1QjFhJTIxNWUwJTIxM20yJTIxMXNlcyUyMTJzZXMlMjE0djE1MzU0NjQ3MzkzNTYlMjIlMjB3aWR0aCUzRCUyMjQwMCUyMiUyMGhlaWdodCUzRCUyMjMwMCUyMiUyMGZyYW1lYm9yZGVyJTNEJTIyMCUyMiUyMHN0eWxlJTNEJTIyYm9yZGVyJTNBMCUyMiUyMGFsbG93ZnVsbHNjcmVlbiUzRSUzQyUyRmlmcmFtZSUzRQ==\u00bb size=\u00bbmedium\u00bb css_animation=\u00bbfadeInLeft\u00bb][\/vc_column][\/vc_row][vc_row][vc_column][vc_column_text css_animation=\u00bbfadeIn\u00bb] Para cualquier otra pregunta, duda o m\u00e1s informaci\u00f3n, por favor, cont\u00e1ctenos a trav\u00e9s del siguiente formulario de contacto. Le responderemos con la [&hellip;]<\/p>\n","protected":false},"author":1,"featured_media":834,"parent":0,"menu_order":0,"comment_status":"closed","ping_status":"closed","template":"","meta":{"footnotes":""},"class_list":["post-398","page","type-page","status-publish","has-post-thumbnail","hentry"],"_links":{"self":[{"href":"https:\/\/dentalber.es\/index.php?rest_route=\/wp\/v2\/pages\/398","targetHints":{"allow":["GET"]}}],"collection":[{"href":"https:\/\/dentalber.es\/index.php?rest_route=\/wp\/v2\/pages"}],"about":[{"href":"https:\/\/dentalber.es\/index.php?rest_route=\/wp\/v2\/types\/page"}],"author":[{"embeddable":true,"href":"https:\/\/dentalber.es\/index.php?rest_route=\/wp\/v2\/users\/1"}],"replies":[{"embeddable":true,"href":"https:\/\/dentalber.es\/index.php?rest_route=%2Fwp%2Fv2%2Fcomments&post=398"}],"version-history":[{"count":71,"href":"https:\/\/dentalber.es\/index.php?rest_route=\/wp\/v2\/pages\/398\/revisions"}],"predecessor-version":[{"id":1241,"href":"https:\/\/dentalber.es\/index.php?rest_route=\/wp\/v2\/pages\/398\/revisions\/1241"}],"wp:featuredmedia":[{"embeddable":true,"href":"https:\/\/dentalber.es\/index.php?rest_route=\/wp\/v2\/media\/834"}],"wp:attachment":[{"href":"https:\/\/dentalber.es\/index.php?rest_route=%2Fwp%2Fv2%2Fmedia&parent=398"}],"curies":[{"name":"wp","href":"https:\/\/api.w.org\/{rel}","templated":true}]}}