{"id":539,"date":"2018-06-08T13:41:39","date_gmt":"2018-06-08T12:41:39","guid":{"rendered":"http:\/\/dentalber.anteva.info\/?page_id=539"},"modified":"2018-08-29T11:05:49","modified_gmt":"2018-08-29T10:05:49","slug":"servicios-maxilofaciales","status":"publish","type":"page","link":"https:\/\/dentalber.es\/?page_id=539","title":{"rendered":"Servicios maxilofaciales"},"content":{"rendered":"<p>[vc_row css=\u00bb.vc_custom_1528901441072{padding-top: 110px !important;}\u00bb][vc_column width=\u00bb1\/6&#8243;][\/vc_column][vc_column width=\u00bb2\/3&#8243;][vc_column_text css_animation=\u00bbfadeInUp\u00bb]<\/p>\n<h2 style=\"text-align: center;\">Nuestros servicios maxilofaciales<\/h2>\n<p>[\/vc_column_text][vc_column_text css_animation=\u00bbfadeInUp\u00bb css=\u00bb.vc_custom_1528789870733{margin-top: -25px !important;}\u00bb][\/vc_column_text][\/vc_column][vc_column width=\u00bb1\/6&#8243;][\/vc_column][\/vc_row][vc_row css=\u00bb.vc_custom_1528789766511{padding-top: 80px !important;padding-bottom: 155px !important;}\u00bb][vc_column css_animation=\u00bbfadeInLeft\u00bb width=\u00bb1\/2&#8243;][vc_row_inner][vc_column_inner width=\u00bb1\/4&#8243;][\/vc_column_inner][vc_column_inner width=\u00bb3\/4&#8243;][vc_column_text]<\/p>\n<h5>Tratamientos ATM<\/h5>\n<p>[\/vc_column_text][vc_column_text]<\/p>\n<h6 style=\"text-align: justify;\">Los ATM (Articulaci\u00f3n T\u00e9mporo-Mandibular) est\u00e1 elacionada anat\u00f3micamente con el cr\u00e1neo y la columna cervical y su disfunci\u00f3n puede ser muy incapacitante y molesta. Para ello ofrecemos servicios con diferentes m\u00e9todos para poder calmar o aliviar el dolor.<\/h6>\n<p>[\/vc_column_text][vc_empty_space height=\u00bb10px\u00bb][\/vc_column_inner][\/vc_row_inner][vc_row_inner][vc_column_inner width=\u00bb1\/4&#8243;][\/vc_column_inner][vc_column_inner width=\u00bb3\/4&#8243;][vc_column_text]<\/p>\n<h5>Extracciones de muelas del juicio y caninos<\/h5>\n<p>[\/vc_column_text][vc_column_text]<\/p>\n<h6 style=\"text-align: justify;\">Probablemente la intervenci\u00f3n menor m\u00e1s frecuente en la consulta de cirug\u00eda oral y maxilofacial. Elaboramos un estudio para conocer el la situaci\u00f3n y afirmar si es necesario sacar las piezas. No todas pueden emerger de la misma forma.<\/h6>\n<p>[\/vc_column_text][vc_empty_space height=\u00bb10px\u00bb][\/vc_column_inner][\/vc_row_inner][vc_row_inner][vc_column_inner width=\u00bb1\/4&#8243;][\/vc_column_inner][vc_column_inner width=\u00bb3\/4&#8243;][vc_column_text]<\/p>\n<h5>Extracci\u00f3n de quistes<\/h5>\n<p>[\/vc_column_text][vc_column_text]<\/p>\n<h6 style=\"text-align: justify;\">Los quistes son cavidades que en su interior tienen un tejido que contiene c\u00e9lulas que lo recubren, dentro de ese tejido puede haber: contenido l\u00edquido, pus, sangre o una mezcla de todos estos componentes. Pueden aparecer tanto en el maxilar superior como en el inferior y en distintas zonas de los mismos.<\/h6>\n<p>[\/vc_column_text][vc_empty_space height=\u00bb10px\u00bb][\/vc_column_inner][\/vc_row_inner][vc_row_inner][vc_column_inner width=\u00bb1\/4&#8243;][\/vc_column_inner][vc_column_inner width=\u00bb3\/4&#8243;][vc_column_text]<\/p>\n<h5>Elevaci\u00f3n de seno maxilar<\/h5>\n<p>[\/vc_column_text][vc_column_text]<\/p>\n<h6 style=\"text-align: justify;\"><span class=\"ILfuVd yZ8quc\">Es una t\u00e9cnica quir\u00fargica que permite el aumento de hueso en la arcada superior, con el objetivo de obtener una base \u00f3sea adecuada en la que poder colocar implantes osteointegrados, en aquellos casos en que la consistencia del hueso no lo permite.<\/span><\/h6>\n<p>[\/vc_column_text][vc_empty_space height=\u00bb10px\u00bb][\/vc_column_inner][\/vc_row_inner][vc_row_inner][vc_column_inner width=\u00bb1\/4&#8243;][\/vc_column_inner][vc_column_inner width=\u00bb3\/4&#8243;][vc_column_text]<\/p>\n<h5>Cirug\u00eda ortogn\u00e1tica<\/h5>\n<p>[\/vc_column_text][vc_column_text]<\/p>\n<h6 style=\"text-align: justify;\">Tiene como finalidad mover la mand\u00edbula a una posici\u00f3n m\u00e1s adecuada, m\u00e1s est\u00e9tica, m\u00e1s funcional y por supuesto m\u00e1s saludable; esto se logra a trav\u00e9s de la combinaci\u00f3n de dos \u00e1reas o especialidades m\u00e9dico-odontol\u00f3gicas: la ortodoncia mueve los dientes y la cirug\u00eda maxilofacial mueve los huesos.<\/h6>\n<p>[\/vc_column_text][vc_empty_space height=\u00bb10px\u00bb][\/vc_column_inner][\/vc_row_inner][\/vc_column][vc_column css_animation=\u00bbfadeInRight\u00bb width=\u00bb1\/2&#8243;][vc_row_inner][vc_column_inner width=\u00bb1\/4&#8243;][\/vc_column_inner][vc_column_inner width=\u00bb3\/4&#8243;][vc_column_text]<\/p>\n<h5>Patolog\u00edas de mucosa<\/h5>\n<p>[\/vc_column_text][vc_column_text]<\/p>\n<h6 style=\"text-align: justify;\">Estudiamos y tratamos un conjunto de enfermedades muy diversas, incluyendo procesos inflamatorios, tumorales, infecciosos, reactivos, autoinmunes y psicosom\u00e1ticos. Las causas son muy variables y dependen de cada paciente.<\/h6>\n<p>[\/vc_column_text][vc_empty_space height=\u00bb10px\u00bb][\/vc_column_inner][\/vc_row_inner][vc_row_inner][vc_column_inner width=\u00bb1\/4&#8243;][\/vc_column_inner][vc_column_inner width=\u00bb3\/4&#8243;][vc_column_text]<\/p>\n<h5>Patolog\u00edas de gl\u00e1ndulas salivares<\/h5>\n<p>[\/vc_column_text][vc_column_text]<\/p>\n<h6 style=\"text-align: justify;\">La funci\u00f3n principal de estas gl\u00e1ndulas es la producci\u00f3n de saliva, fundamental para el mantenimiento de la salud bucodental. La patolog\u00eda de las gl\u00e1ndulas salivales engloba a un conjunto de enfermedades de etiolog\u00edas diferentes y los procesos son variables.<\/h6>\n<p>[\/vc_column_text][vc_empty_space height=\u00bb10px\u00bb][\/vc_column_inner][\/vc_row_inner][vc_row_inner][vc_column_inner width=\u00bb1\/4&#8243;][\/vc_column_inner][vc_column_inner width=\u00bb3\/4&#8243;][vc_column_text]<\/p>\n<h5>Apicectom\u00edas<\/h5>\n<p>[\/vc_column_text][vc_column_text]<\/p>\n<h6 style=\"text-align: justify;\">La <strong>apicectom\u00eda <\/strong>es un procedimiento quir\u00fargico cuyo objetivo es eliminar una infecci\u00f3n que afecta a la ra\u00edz de una pieza dental y a los tejidos adyacentes. Consiste en abrir la enc\u00eda en la zona pr\u00f3xima a la pieza dental afectada por la infecci\u00f3n con el fin de extraer la punta de la ra\u00edz afectada (\u00e1pice) y los tejidos afectados.<\/h6>\n<p>[\/vc_column_text][vc_empty_space height=\u00bb10px\u00bb][\/vc_column_inner][\/vc_row_inner][vc_row_inner][vc_column_inner width=\u00bb1\/4&#8243;][\/vc_column_inner][vc_column_inner width=\u00bb3\/4&#8243;][vc_column_text]<\/p>\n<h5>Implantes<\/h5>\n<p>[\/vc_column_text][vc_column_text]<\/p>\n<h6 style=\"text-align: justify;\">El <b>implante dental<\/b> es un producto sanitario dise\u00f1ado para sustituir la ra\u00edz que falta y mantener el diente artificial en su sitio. Habitualmente tiene forma roscada y est\u00e1 fabricado con materiales biocompatibles que no producen reacci\u00f3n de rechazo y permiten su uni\u00f3n al hueso.<\/h6>\n<p>[\/vc_column_text][vc_empty_space height=\u00bb10px\u00bb][\/vc_column_inner][\/vc_row_inner][vc_row_inner][vc_column_inner width=\u00bb1\/4&#8243;][\/vc_column_inner][vc_column_inner width=\u00bb3\/4&#8243;][vc_column_text]<\/p>\n<h5>Injertos<\/h5>\n<p>[\/vc_column_text][vc_column_text]<\/p>\n<h6 style=\"text-align: justify;\">El injerto de hueso es un procedimiento quir\u00fargico que reemplaza el hueso faltante a fin de reparar las fracturas \u00f3seas que son extremadamente complejas, que representan un riesgo significativo para la salud del paciente, o no se curan bien.<\/h6>\n<p>[\/vc_column_text][vc_empty_space height=\u00bb10px\u00bb][\/vc_column_inner][\/vc_row_inner][\/vc_column][\/vc_row]<\/p>\n","protected":false},"excerpt":{"rendered":"<p>[vc_row css=\u00bb.vc_custom_1528901441072{padding-top: 110px !important;}\u00bb][vc_column width=\u00bb1\/6&#8243;][\/vc_column][vc_column width=\u00bb2\/3&#8243;][vc_column_text css_animation=\u00bbfadeInUp\u00bb] Nuestros servicios maxilofaciales [\/vc_column_text][vc_column_text css_animation=\u00bbfadeInUp\u00bb css=\u00bb.vc_custom_1528789870733{margin-top: -25px !important;}\u00bb][\/vc_column_text][\/vc_column][vc_column width=\u00bb1\/6&#8243;][\/vc_column][\/vc_row][vc_row css=\u00bb.vc_custom_1528789766511{padding-top: 80px !important;padding-bottom: 155px !important;}\u00bb][vc_column css_animation=\u00bbfadeInLeft\u00bb width=\u00bb1\/2&#8243;][vc_row_inner][vc_column_inner width=\u00bb1\/4&#8243;][\/vc_column_inner][vc_column_inner width=\u00bb3\/4&#8243;][vc_column_text] Tratamientos ATM [\/vc_column_text][vc_column_text] Los ATM (Articulaci\u00f3n T\u00e9mporo-Mandibular) est\u00e1 elacionada anat\u00f3micamente con el cr\u00e1neo y la columna cervical y su disfunci\u00f3n puede ser muy incapacitante y molesta. Para ello ofrecemos servicios [&hellip;]<\/p>\n","protected":false},"author":1,"featured_media":598,"parent":541,"menu_order":1,"comment_status":"closed","ping_status":"closed","template":"","meta":{"footnotes":""},"class_list":["post-539","page","type-page","status-publish","has-post-thumbnail","hentry"],"_links":{"self":[{"href":"https:\/\/dentalber.es\/index.php?rest_route=\/wp\/v2\/pages\/539","targetHints":{"allow":["GET"]}}],"collection":[{"href":"https:\/\/dentalber.es\/index.php?rest_route=\/wp\/v2\/pages"}],"about":[{"href":"https:\/\/dentalber.es\/index.php?rest_route=\/wp\/v2\/types\/page"}],"author":[{"embeddable":true,"href":"https:\/\/dentalber.es\/index.php?rest_route=\/wp\/v2\/users\/1"}],"replies":[{"embeddable":true,"href":"https:\/\/dentalber.es\/index.php?rest_route=%2Fwp%2Fv2%2Fcomments&post=539"}],"version-history":[{"count":12,"href":"https:\/\/dentalber.es\/index.php?rest_route=\/wp\/v2\/pages\/539\/revisions"}],"predecessor-version":[{"id":856,"href":"https:\/\/dentalber.es\/index.php?rest_route=\/wp\/v2\/pages\/539\/revisions\/856"}],"up":[{"embeddable":true,"href":"https:\/\/dentalber.es\/index.php?rest_route=\/wp\/v2\/pages\/541"}],"wp:featuredmedia":[{"embeddable":true,"href":"https:\/\/dentalber.es\/index.php?rest_route=\/wp\/v2\/media\/598"}],"wp:attachment":[{"href":"https:\/\/dentalber.es\/index.php?rest_route=%2Fwp%2Fv2%2Fmedia&parent=539"}],"curies":[{"name":"wp","href":"https:\/\/api.w.org\/{rel}","templated":true}]}}