{"id":740,"date":"2018-07-06T12:27:45","date_gmt":"2018-07-06T11:27:45","guid":{"rendered":"http:\/\/dentalber.anteva.info\/?page_id=740"},"modified":"2022-11-23T21:28:58","modified_gmt":"2022-11-23T19:28:58","slug":"politica-de-privacidad-y-aviso-legal","status":"publish","type":"page","link":"https:\/\/dentalber.es\/?page_id=740","title":{"rendered":"Pol\u00edtica de privacidad y aviso legal"},"content":{"rendered":"<p style=\"text-align: justify;\">Dentalber informa a los usuarios del sitio web sobre su pol\u00edtica respecto del tratamiento y protecci\u00f3n de los datos de car\u00e1cter personal de los usuarios y clientes que puedan ser recabados por la navegaci\u00f3n a trav\u00e9s de su sitio web.<\/p>\n<p style=\"text-align: justify;\">En este sentido, Dentalber garantiza el cumplimiento de la normativa vigente en materia de protecci\u00f3n de datos personales, reflejada en la Ley Org\u00e1nica 3\/2018, de 5 de diciembre, de Protecci\u00f3n de Datos Personales y garant\u00eda de los derechos digitales, de Protecci\u00f3n de Datos de Car\u00e1cter Personal y en el Real Decreto 3\/2010, de 8 de enero, por el que se regula el esquema nacional de seguridad el el \u00e1mbito de administraci\u00f3n electr\u00f3nica (ENS)<br \/>\nEl uso de esta web implica la aceptaci\u00f3n de esta pol\u00edtica de privacidad.<\/p>\n<p style=\"text-align: justify;\">Dentalber tiene el deber de informar a los usuarios de su sitio web acerca de la recogida de datos de car\u00e1cter personal que pueden llevarse a cabo, bien sea mediante el env\u00edo de correo electr\u00f3nico o al cumplimentar los formularios incluidos en el sitio web. En este sentido, Dentalber ser\u00e1 considerada como responsable de los datos recabados mediante los medios anteriormente descritos.<\/p>\n<p style=\"text-align: justify;\">A su vez Dentalber informa a los usuarios de que la finalidad del tratamiento de los datos recabados contempla:<\/p>\n<p style=\"text-align: justify;\">Las operaciones, gestiones y procedimientos t\u00e9cnicos que se realicen de forma automatizada o no automatizada y que posibiliten la recogida, el almacenamiento, la modificaci\u00f3n, la transferencia y otras acciones sobre datos de car\u00e1cter personal, tienen la consideraci\u00f3n de tratamiento de datos personales.<\/p>\n<p style=\"text-align: justify;\">Todos los datos personales, que sean recogidos a trav\u00e9s del sitio web de Dentalber, y por tanto tenga la consideraci\u00f3n de tratamiento de datos de car\u00e1cter personal, ser\u00e1n incorporados en los ficheros de Pr\u00f3tesis dental Berganti\u00f1os sl B15581747.<\/p>\n<p style=\"text-align: justify;\">Dentalber informa a los usuarios de que sus datos personales no ser\u00e1n cedidos a terceras organizaciones.<\/p>\n<p style=\"text-align: justify;\">Ley Org\u00e1nica 3\/2018, de 5 de diciembre, de Protecci\u00f3n de Datos Personales y garant\u00eda de los derechos digitales, de Protecci\u00f3n de Datos de Car\u00e1cter Personal concede a los interesados la posibilidad de ejercer una serie de derechos relacionados con el tratamiento de sus datos personales.<\/p>\n<p style=\"text-align: justify;\">En tanto en cuanto los datos del usuario son objeto de tratamiento por parte de Dentalber.<\/p>\n<p style=\"text-align: justify;\">Los usuarios podr\u00e1n ejercer los derechos de acceso, rectificaci\u00f3n, cancelaci\u00f3n y oposici\u00f3n de acuerdo con lo previsto en la normativa legal vigente en materia de protecci\u00f3n de datos personales.<\/p>\n<p style=\"text-align: justify;\">Para hacer uso del ejercicio de estos derechos, el usuario deber\u00e1 dirigirse mediante comunicaci\u00f3n escrita, aportando documentaci\u00f3n que acredite su identidad (DNI o pasaporte), a la siguiente direcci\u00f3n:<\/p>\n<p style=\"text-align: justify;\">15100 Carballo \u2013 C\/ Villa de Negreira 48 bajo- responsable de ficheros de datos- \u00c1ngel Gund\u00edn Su\u00e1rez-<\/p>\n<p style=\"text-align: justify;\">Dicha comunicaci\u00f3n deber\u00e1 reflejar la siguiente informaci\u00f3n: Nombre y apellidos del usuario, la petici\u00f3n de solicitud, el domicilio y los datos acreditativos.<\/p>\n<p style=\"text-align: justify;\">El ejercicio de derechos deber\u00e1 ser realizado por el propio usuario. No obstante, podr\u00e1n ser ejecutados por una persona autorizada como representante legal del autorizado. En tal caso, se deber\u00e1 aportar la documentaci\u00f3n que acredite esta representaci\u00f3n del interesado.<\/p>\n<p style=\"text-align: justify;\">Informaci\u00f3n con respecto a iconos: Creados por Freepik y dDara desde <a href=\"http:\/\/www.flaticon.com\">www.flaticon.com<\/a><\/p>\n<p style=\"text-align: justify;\">&#8212;<br \/>\nPoliclinica Dental Berganti\u00f1os sl<br \/>\n981703443<\/p>\n","protected":false},"excerpt":{"rendered":"<p>Dentalber informa a los usuarios del sitio web sobre su pol\u00edtica respecto del tratamiento y protecci\u00f3n de los datos de car\u00e1cter personal de los usuarios y clientes que puedan ser recabados por la navegaci\u00f3n a trav\u00e9s de su sitio web. En este sentido, Dentalber garantiza el cumplimiento de la normativa vigente en materia de protecci\u00f3n [&hellip;]<\/p>\n","protected":false},"author":1,"featured_media":0,"parent":0,"menu_order":0,"comment_status":"closed","ping_status":"closed","template":"","meta":{"footnotes":""},"class_list":["post-740","page","type-page","status-publish","hentry"],"_links":{"self":[{"href":"https:\/\/dentalber.es\/index.php?rest_route=\/wp\/v2\/pages\/740","targetHints":{"allow":["GET"]}}],"collection":[{"href":"https:\/\/dentalber.es\/index.php?rest_route=\/wp\/v2\/pages"}],"about":[{"href":"https:\/\/dentalber.es\/index.php?rest_route=\/wp\/v2\/types\/page"}],"author":[{"embeddable":true,"href":"https:\/\/dentalber.es\/index.php?rest_route=\/wp\/v2\/users\/1"}],"replies":[{"embeddable":true,"href":"https:\/\/dentalber.es\/index.php?rest_route=%2Fwp%2Fv2%2Fcomments&post=740"}],"version-history":[{"count":12,"href":"https:\/\/dentalber.es\/index.php?rest_route=\/wp\/v2\/pages\/740\/revisions"}],"predecessor-version":[{"id":981,"href":"https:\/\/dentalber.es\/index.php?rest_route=\/wp\/v2\/pages\/740\/revisions\/981"}],"wp:attachment":[{"href":"https:\/\/dentalber.es\/index.php?rest_route=%2Fwp%2Fv2%2Fmedia&parent=740"}],"curies":[{"name":"wp","href":"https:\/\/api.w.org\/{rel}","templated":true}]}}